{"id":591,"date":"2021-05-19T15:20:47","date_gmt":"2021-05-19T18:20:47","guid":{"rendered":"https:\/\/boraserfeliz.guararema.sp.gov.br\/?page_id=591"},"modified":"2023-03-01T13:30:51","modified_gmt":"2023-03-01T16:30:51","slug":"obrigado-formulario-de-castracao","status":"publish","type":"page","link":"https:\/\/boraserfeliz.guararema.sp.gov.br\/index.php\/obrigado-formulario-de-castracao\/","title":{"rendered":"Obrigado (Formul\u00e1rio de Castra\u00e7\u00e3o)"},"content":{"rendered":"\t\t<div data-elementor-type=\"wp-page\" data-elementor-id=\"591\" class=\"elementor elementor-591\" data-elementor-settings=\"[]\">\n\t\t\t\t\t\t\t<div class=\"elementor-section-wrap\">\n\t\t\t\t\t\t\t<section data-particle_enable=\"false\" data-particle-mobile-disabled=\"false\" class=\"elementor-section elementor-top-section elementor-element elementor-element-f9a2150 elementor-section-boxed elementor-section-height-default elementor-section-height-default\" data-id=\"f9a2150\" data-element_type=\"section\">\n\t\t\t\t\t\t<div class=\"elementor-container elementor-column-gap-default\">\n\t\t\t\t\t<div class=\"elementor-column elementor-col-100 elementor-top-column elementor-element elementor-element-7d08754\" data-id=\"7d08754\" data-element_type=\"column\">\n\t\t\t<div class=\"elementor-widget-wrap elementor-element-populated\">\n\t\t\t\t\t\t\t\t<div class=\"elementor-element elementor-element-4c7a239 elementor-widget elementor-widget-heading\" data-id=\"4c7a239\" data-element_type=\"widget\" data-widget_type=\"heading.default\">\n\t\t\t\t<div class=\"elementor-widget-container\">\n\t\t\t<h2 class=\"elementor-heading-title elementor-size-default\">Muito Obrigado!<br>Agora \u00e9 s\u00f3 aguardar contato telef\u00f4nico para agendamento da palestra de orienta\u00e7\u00e3o e ap\u00f3s participa\u00e7\u00e3o entraremos em contato para agendamento da castra\u00e7\u00e3o.<\/h2>\t\t<\/div>\n\t\t\t\t<\/div>\n\t\t\t\t\t<\/div>\n\t\t<\/div>\n\t\t\t\t\t\t\t<\/div>\n\t\t<\/section>\n\t\t\t\t\t\t<\/div>\n\t\t\t\t\t<\/div>\n\t\t","protected":false},"excerpt":{"rendered":"<p>Muito Obrigado!Agora \u00e9 s\u00f3 aguardar contato telef\u00f4nico para agendamento da palestra de orienta\u00e7\u00e3o e ap\u00f3s participa\u00e7\u00e3o entraremos em contato para agendamento da castra\u00e7\u00e3o.<\/p>\n","protected":false},"author":2,"featured_media":0,"parent":0,"menu_order":0,"comment_status":"closed","ping_status":"closed","template":"elementor_header_footer","meta":{"footnotes":""},"class_list":["post-591","page","type-page","status-publish","hentry","entry"],"_links":{"self":[{"href":"https:\/\/boraserfeliz.guararema.sp.gov.br\/index.php\/wp-json\/wp\/v2\/pages\/591","targetHints":{"allow":["GET"]}}],"collection":[{"href":"https:\/\/boraserfeliz.guararema.sp.gov.br\/index.php\/wp-json\/wp\/v2\/pages"}],"about":[{"href":"https:\/\/boraserfeliz.guararema.sp.gov.br\/index.php\/wp-json\/wp\/v2\/types\/page"}],"author":[{"embeddable":true,"href":"https:\/\/boraserfeliz.guararema.sp.gov.br\/index.php\/wp-json\/wp\/v2\/users\/2"}],"replies":[{"embeddable":true,"href":"https:\/\/boraserfeliz.guararema.sp.gov.br\/index.php\/wp-json\/wp\/v2\/comments?post=591"}],"version-history":[{"count":7,"href":"https:\/\/boraserfeliz.guararema.sp.gov.br\/index.php\/wp-json\/wp\/v2\/pages\/591\/revisions"}],"predecessor-version":[{"id":1199,"href":"https:\/\/boraserfeliz.guararema.sp.gov.br\/index.php\/wp-json\/wp\/v2\/pages\/591\/revisions\/1199"}],"wp:attachment":[{"href":"https:\/\/boraserfeliz.guararema.sp.gov.br\/index.php\/wp-json\/wp\/v2\/media?parent=591"}],"curies":[{"name":"wp","href":"https:\/\/api.w.org\/{rel}","templated":true}]}}