{"id":1288,"date":"2023-07-24T13:00:55","date_gmt":"2023-07-24T16:00:55","guid":{"rendered":"https:\/\/boraserfeliz.guararema.sp.gov.br\/?page_id=1288"},"modified":"2025-01-16T15:24:00","modified_gmt":"2025-01-16T18:24:00","slug":"cadastro-de-vacinacao","status":"publish","type":"page","link":"https:\/\/boraserfeliz.guararema.sp.gov.br\/index.php\/cadastro-de-vacinacao\/","title":{"rendered":"Cadastro de Vacina\u00e7\u00e3o"},"content":{"rendered":"\t\t<div data-elementor-type=\"wp-page\" data-elementor-id=\"1288\" class=\"elementor elementor-1288\" data-elementor-settings=\"[]\">\n\t\t\t\t\t\t\t<div class=\"elementor-section-wrap\">\n\t\t\t\t\t\t\t<section data-particle_enable=\"false\" data-particle-mobile-disabled=\"false\" class=\"elementor-section elementor-top-section elementor-element elementor-element-830c58f elementor-section-boxed elementor-section-height-default elementor-section-height-default\" data-id=\"830c58f\" data-element_type=\"section\">\n\t\t\t\t\t\t<div class=\"elementor-container elementor-column-gap-default\">\n\t\t\t\t\t<div class=\"elementor-column elementor-col-100 elementor-top-column elementor-element elementor-element-69ef323\" data-id=\"69ef323\" data-element_type=\"column\">\n\t\t\t<div class=\"elementor-widget-wrap elementor-element-populated\">\n\t\t\t\t\t\t\t\t<div class=\"elementor-element elementor-element-e13f2b0 elementor-widget elementor-widget-heading\" data-id=\"e13f2b0\" data-element_type=\"widget\" data-widget_type=\"heading.default\">\n\t\t\t\t<div class=\"elementor-widget-container\">\n\t\t\t<h2 class=\"elementor-heading-title elementor-size-default\">Cadastro de Vacina\u00e7\u00e3o Antirr\u00e1bica<\/h2>\t\t<\/div>\n\t\t\t\t<\/div>\n\t\t\t\t\t<\/div>\n\t\t<\/div>\n\t\t\t\t\t\t\t<\/div>\n\t\t<\/section>\n\t\t\t\t<section data-particle_enable=\"false\" data-particle-mobile-disabled=\"false\" class=\"elementor-section elementor-top-section elementor-element elementor-element-34e2c70 elementor-section-boxed elementor-section-height-default elementor-section-height-default elementor-invisible\" data-id=\"34e2c70\" data-element_type=\"section\" data-settings=\"{&quot;animation&quot;:&quot;fadeIn&quot;}\">\n\t\t\t\t\t\t<div class=\"elementor-container elementor-column-gap-default\">\n\t\t\t\t\t<div class=\"elementor-column elementor-col-100 elementor-top-column elementor-element elementor-element-72ca655\" data-id=\"72ca655\" data-element_type=\"column\">\n\t\t\t<div class=\"elementor-widget-wrap elementor-element-populated\">\n\t\t\t\t\t\t\t\t<div class=\"elementor-element elementor-element-f5e9872 elementor-button-align-stretch elementor-widget elementor-widget-form\" data-id=\"f5e9872\" data-element_type=\"widget\" data-settings=\"{&quot;step_next_label&quot;:&quot;Pr\\u00f3ximo&quot;,&quot;step_previous_label&quot;:&quot;Anterior&quot;,&quot;button_width&quot;:&quot;100&quot;,&quot;step_type&quot;:&quot;number_text&quot;,&quot;step_icon_shape&quot;:&quot;circle&quot;}\" data-widget_type=\"form.default\">\n\t\t\t\t<div class=\"elementor-widget-container\">\n\t\t\t\t\t<form class=\"elementor-form\" method=\"post\" name=\"New Form\">\n\t\t\t<input type=\"hidden\" name=\"post_id\" value=\"1288\"\/>\n\t\t\t<input type=\"hidden\" name=\"form_id\" value=\"f5e9872\"\/>\n\t\t\t<input type=\"hidden\" name=\"referer_title\" value=\"\" \/>\n\n\t\t\t\n\t\t\t<div class=\"elementor-form-fields-wrapper elementor-labels-above\">\n\t\t\t\t\t\t\t\t<div class=\"elementor-field-type-textarea elementor-field-group elementor-column elementor-field-group-field_a73d668 elementor-col-100\">\n\t\t\t\t\t<label for=\"form-field-field_a73d668\" class=\"elementor-field-label\">NOME<\/label><textarea class=\"elementor-field-textual elementor-field  elementor-size-sm\" name=\"form_fields[field_a73d668]\" id=\"form-field-field_a73d668\" rows=\"1\" placeholder=\"NOME COMPLETO\"><\/textarea>\t\t\t\t<\/div>\n\t\t\t\t\t\t\t\t<div class=\"elementor-field-type-number elementor-field-group elementor-column elementor-field-group-field_49ba80c elementor-col-50\">\n\t\t\t\t\t<label for=\"form-field-field_49ba80c\" class=\"elementor-field-label\">CPF<\/label><input type=\"number\" name=\"form_fields[field_49ba80c]\" id=\"form-field-field_49ba80c\" class=\"elementor-field elementor-size-sm  elementor-field-textual\" placeholder=\"CPF\" min=\"\" max=\"\">\t\t\t\t<\/div>\n\t\t\t\t\t\t\t\t<div class=\"elementor-field-type-number elementor-field-group elementor-column elementor-field-group-field_bfda3da elementor-col-50\">\n\t\t\t\t\t<label for=\"form-field-field_bfda3da\" class=\"elementor-field-label\">TELEFONE<\/label><input type=\"number\" name=\"form_fields[field_bfda3da]\" id=\"form-field-field_bfda3da\" class=\"elementor-field elementor-size-sm  elementor-field-textual\" placeholder=\"TELEFONE\" min=\"\" max=\"\">\t\t\t\t<\/div>\n\t\t\t\t\t\t\t\t<div class=\"elementor-field-type-textarea elementor-field-group elementor-column elementor-field-group-email elementor-col-60 elementor-field-required\">\n\t\t\t\t\t<label for=\"form-field-email\" class=\"elementor-field-label\">ENDERE\u00c7O<\/label><textarea class=\"elementor-field-textual elementor-field  elementor-size-sm\" name=\"form_fields[email]\" id=\"form-field-email\" rows=\"1\" placeholder=\"ENDERE\u00c7O\" required=\"required\" aria-required=\"true\"><\/textarea>\t\t\t\t<\/div>\n\t\t\t\t\t\t\t\t<div class=\"elementor-field-type-number elementor-field-group elementor-column elementor-field-group-field_8a9454f elementor-col-20 elementor-field-required\">\n\t\t\t\t\t<label for=\"form-field-field_8a9454f\" class=\"elementor-field-label\">N\u00ba<\/label><input type=\"number\" name=\"form_fields[field_8a9454f]\" id=\"form-field-field_8a9454f\" class=\"elementor-field elementor-size-sm  elementor-field-textual\" placeholder=\"N\u00ba\" required=\"required\" aria-required=\"true\" min=\"\" max=\"\">\t\t\t\t<\/div>\n\t\t\t\t\t\t\t\t<div class=\"elementor-field-type-textarea elementor-field-group elementor-column elementor-field-group-field_ea0f6fb elementor-col-20 elementor-field-required\">\n\t\t\t\t\t<label for=\"form-field-field_ea0f6fb\" class=\"elementor-field-label\">BAIRRO<\/label><textarea class=\"elementor-field-textual elementor-field  elementor-size-sm\" name=\"form_fields[field_ea0f6fb]\" id=\"form-field-field_ea0f6fb\" rows=\"1\" placeholder=\"BAIRRO\" required=\"required\" aria-required=\"true\"><\/textarea>\t\t\t\t<\/div>\n\t\t\t\t\t\t\t\t<div class=\"elementor-field-type-textarea elementor-field-group elementor-column elementor-field-group-field_7da6243 elementor-col-50\">\n\t\t\t\t\t<label for=\"form-field-field_7da6243\" class=\"elementor-field-label\">COMPLEMENTO<\/label><textarea class=\"elementor-field-textual elementor-field  elementor-size-sm\" name=\"form_fields[field_7da6243]\" id=\"form-field-field_7da6243\" rows=\"1\" placeholder=\"COMPLEMENTO\"><\/textarea>\t\t\t\t<\/div>\n\t\t\t\t\t\t\t\t<div class=\"elementor-field-type-email elementor-field-group elementor-column elementor-field-group-field_a6b3a46 elementor-col-50 elementor-field-required\">\n\t\t\t\t\t<label for=\"form-field-field_a6b3a46\" class=\"elementor-field-label\">EMAIL<\/label><input size=\"1\" type=\"email\" name=\"form_fields[field_a6b3a46]\" id=\"form-field-field_a6b3a46\" class=\"elementor-field elementor-size-sm  elementor-field-textual\" placeholder=\"EMAIL\" required=\"required\" aria-required=\"true\">\t\t\t\t<\/div>\n\t\t\t\t\t\t\t\t<div class=\"elementor-field-type-select elementor-field-group elementor-column elementor-field-group-field_655e754 elementor-col-100 elementor-field-required\">\n\t\t\t\t\t<label for=\"form-field-field_655e754\" class=\"elementor-field-label\">ANIMAL: C\u00c3O<\/label>\t\t<div class=\"elementor-field elementor-select-wrapper \">\n\t\t\t<select name=\"form_fields[field_655e754]\" id=\"form-field-field_655e754\" class=\"elementor-field-textual elementor-size-sm\" required=\"required\" aria-required=\"true\">\n\t\t\t\t<option value=\"Escolha a quantidade\">Escolha a quantidade<\/option><option value=\"1\">1<\/option><option value=\"2\">2<\/option><option value=\"3\">3<\/option><option value=\"4\">4<\/option><option value=\"5\">5<\/option><option value=\"6\">6<\/option><option value=\"7\">7<\/option><option value=\"8\">8<\/option><option value=\"9\">9<\/option><option value=\"10\">10<\/option>\t\t\t<\/select>\n\t\t<\/div>\n\t\t\t\t\t\t<\/div>\n\t\t\t\t\t\t\t\t<div class=\"elementor-field-type-select elementor-field-group elementor-column elementor-field-group-field_27fb4e5 elementor-col-100 elementor-field-required\">\n\t\t\t\t\t<label for=\"form-field-field_27fb4e5\" class=\"elementor-field-label\">ANIMAL: GATO<\/label>\t\t<div class=\"elementor-field elementor-select-wrapper \">\n\t\t\t<select name=\"form_fields[field_27fb4e5]\" id=\"form-field-field_27fb4e5\" class=\"elementor-field-textual elementor-size-sm\" required=\"required\" aria-required=\"true\">\n\t\t\t\t<option value=\"Escolha a quantidade\">Escolha a quantidade<\/option><option value=\"1\">1<\/option><option value=\"2\">2<\/option><option value=\"3\">3<\/option><option value=\"4\">4<\/option><option value=\"5\">5<\/option><option value=\"6\">6<\/option><option value=\"7\">7<\/option><option value=\"8\">8<\/option><option value=\"9\">9<\/option><option value=\"10\">10<\/option>\t\t\t<\/select>\n\t\t<\/div>\n\t\t\t\t\t\t<\/div>\n\t\t\t\t\t\t\t\t<div class=\"elementor-field-group elementor-column elementor-field-type-submit elementor-col-100 e-form__buttons\">\n\t\t\t\t\t<button type=\"submit\" class=\"elementor-button elementor-size-sm\">\n\t\t\t\t\t\t<span >\n\t\t\t\t\t\t\t\t\t\t\t\t\t\t\t<span class=\" elementor-button-icon\">\n\t\t\t\t\t\t\t\t\t\t\t\t\t\t\t\t\t\t\t\t\t\t\t\t\t\t<\/span>\n\t\t\t\t\t\t\t\t\t\t\t\t\t\t\t\t\t\t\t\t\t\t<span class=\"elementor-button-text\">ENVIAR<\/span>\n\t\t\t\t\t\t\t\t\t\t\t\t\t<\/span>\n\t\t\t\t\t<\/button>\n\t\t\t\t<\/div>\n\t\t\t<\/div>\n\t\t<\/form>\n\t\t\t\t<\/div>\n\t\t\t\t<\/div>\n\t\t\t\t\t<\/div>\n\t\t<\/div>\n\t\t\t\t\t\t\t<\/div>\n\t\t<\/section>\n\t\t\t\t\t\t<\/div>\n\t\t\t\t\t<\/div>\n\t\t","protected":false},"excerpt":{"rendered":"<p>Cadastro de Vacina\u00e7\u00e3o Antirr\u00e1bica<\/p>\n","protected":false},"author":2,"featured_media":0,"parent":0,"menu_order":0,"comment_status":"closed","ping_status":"closed","template":"elementor_header_footer","meta":{"footnotes":""},"class_list":["post-1288","page","type-page","status-publish","hentry","entry"],"_links":{"self":[{"href":"https:\/\/boraserfeliz.guararema.sp.gov.br\/index.php\/wp-json\/wp\/v2\/pages\/1288","targetHints":{"allow":["GET"]}}],"collection":[{"href":"https:\/\/boraserfeliz.guararema.sp.gov.br\/index.php\/wp-json\/wp\/v2\/pages"}],"about":[{"href":"https:\/\/boraserfeliz.guararema.sp.gov.br\/index.php\/wp-json\/wp\/v2\/types\/page"}],"author":[{"embeddable":true,"href":"https:\/\/boraserfeliz.guararema.sp.gov.br\/index.php\/wp-json\/wp\/v2\/users\/2"}],"replies":[{"embeddable":true,"href":"https:\/\/boraserfeliz.guararema.sp.gov.br\/index.php\/wp-json\/wp\/v2\/comments?post=1288"}],"version-history":[{"count":25,"href":"https:\/\/boraserfeliz.guararema.sp.gov.br\/index.php\/wp-json\/wp\/v2\/pages\/1288\/revisions"}],"predecessor-version":[{"id":1516,"href":"https:\/\/boraserfeliz.guararema.sp.gov.br\/index.php\/wp-json\/wp\/v2\/pages\/1288\/revisions\/1516"}],"wp:attachment":[{"href":"https:\/\/boraserfeliz.guararema.sp.gov.br\/index.php\/wp-json\/wp\/v2\/media?parent=1288"}],"curies":[{"name":"wp","href":"https:\/\/api.w.org\/{rel}","templated":true}]}}